{"id":59,"date":"2025-05-09T22:28:55","date_gmt":"2025-05-09T22:28:55","guid":{"rendered":"https:\/\/tumundonegocios.com.ar\/tn\/?page_id=59"},"modified":"2025-05-10T01:05:29","modified_gmt":"2025-05-10T01:05:29","slug":"quienes-somos","status":"publish","type":"page","link":"https:\/\/tumundonegocios.com.ar\/tn\/quienes-somos\/","title":{"rendered":"Quienes somos"},"content":{"rendered":"\t\t<div data-elementor-type=\"wp-page\" data-elementor-id=\"59\" class=\"elementor elementor-59\" data-elementor-post-type=\"page\">\n\t\t\t\t<div class=\"elementor-element elementor-element-5f21cd1 e-flex e-con-boxed e-con e-parent\" data-id=\"5f21cd1\" data-element_type=\"container\">\n\t\t\t\t\t<div class=\"e-con-inner\">\n\t\t\t\t<div class=\"elementor-element elementor-element-6363cca4 elementor-widget elementor-widget-heading\" data-id=\"6363cca4\" data-element_type=\"widget\" data-widget_type=\"heading.default\">\n\t\t\t\t<div class=\"elementor-widget-container\">\n\t\t\t\t\t<h3 class=\"elementor-heading-title elementor-size-default\">Quienes Somos ? <\/h3>\t\t\t\t<\/div>\n\t\t\t\t<\/div>\n\t\t\t\t\t<\/div>\n\t\t\t\t<\/div>\n\t\t<div class=\"elementor-element elementor-element-2acd64f e-flex e-con-boxed e-con e-parent\" data-id=\"2acd64f\" data-element_type=\"container\">\n\t\t\t\t\t<div class=\"e-con-inner\">\n\t\t<div class=\"elementor-element elementor-element-97dfa39 e-con-full e-flex e-con e-child\" data-id=\"97dfa39\" data-element_type=\"container\">\n\t\t\t\t<div class=\"elementor-element elementor-element-3a3d9692 elementor-widget elementor-widget-text-editor\" data-id=\"3a3d9692\" data-element_type=\"widget\" data-widget_type=\"text-editor.default\">\n\t\t\t\t<div class=\"elementor-widget-container\">\n\t\t\t\t\t\t\t\t\t<p><strong>Tu Mundo Negocios<\/strong> naci\u00f3 de la visi\u00f3n de <strong>Anny Gamarra<\/strong>,\u00a0 Profesional de Sistemas, apasionada por la tecnolog\u00eda y la gesti\u00f3n de proyectos. Desde siempre, su meta fue alcanzar independencia a trav\u00e9s de la excelencia en los servicios, construyendo un camino que no solo le permitiera crecer, sino tambi\u00e9n impulsar a otros a alcanzar sus propios sue\u00f1os empresariales.<\/p><p>Este proyecto no ha sido un camino en solitario. Desde sus inicios\u00a0 <strong>Maria Alejandra Lohezic\u00a0<\/strong>ha sido una pieza clave en su desarrollo, acompa\u00f1ando y contribuyendo al crecimiento de <strong>Tu Mundo Negocios<\/strong>. Juntas han enfrentado desaf\u00edos, han innovado y han expandido la empresa, manteniendo siempre la esencia de colaboraci\u00f3n y compromiso.<\/p><p>En <strong>2008<\/strong>, este sue\u00f1o tom\u00f3 forma en <strong>Tu Mundo Inform\u00e1tico<\/strong>, cuando Anny lleg\u00f3 a Tucum\u00e1n con la visi\u00f3n de aportar soluciones tecnol\u00f3gicas y acompa\u00f1ar a emprendedores en su desarrollo. Con el tiempo, su proyecto evolucion\u00f3 y se expandi\u00f3, dando origen a <strong>Tu Mundo Negocios<\/strong>, que hoy re\u00fane tres grandes \u00e1reas:<\/p><ul><li><strong>Tu Mundo Inform\u00e1tico<\/strong>: Soluciones tecnol\u00f3gicas . Venta de equipos y Servicio T\u00e9cnico<\/li><li><strong>Tu Mundo Bag\u00fces<\/strong>: Impulsamos el emprendimiento en el rubro de perfumer\u00eda y belleza, brindando oportunidades para quienes desean iniciar su propio negocio con productos de calidad y el respaldo de una comunidad comprometida con el crecimiento\u00a0<\/li><li><strong>Tu Mundo Creative Kids<\/strong>: Potenciamos la creatividad y el aprendizaje a trav\u00e9s de servicios de dise\u00f1o, impresiones, anillados y plastificados, brindando soluciones innovadoras para estudiantes, emprendedores y creativos.<\/li><\/ul><p>M\u00e1s que un negocio, <strong>Tu Mundo Negocios<\/strong> es una comunidad construida sobre la colaboraci\u00f3n, la mejora continua y la visi\u00f3n de <strong>crear oportunidades para quienes buscan emprender y crecer<\/strong>. Nuestro compromiso es brindar excelencia en cada servicio, anticip\u00e1ndonos a los desaf\u00edos del entorno empresarial y fortaleciendo relaciones significativas con nuestros socios de negocios.<\/p><p>Hoy seguimos creciendo, manteniendo vivo aquel sue\u00f1o con el que todo comenz\u00f3.<\/p><p>\u00a0 <strong>\u00danete a nosotros en este camino de innovaci\u00f3n, independencia y crecimiento sostenible.<\/strong><\/p>\t\t\t\t\t\t\t\t<\/div>\n\t\t\t\t<\/div>\n\t\t\t\t<\/div>\n\t\t\t\t\t<\/div>\n\t\t\t\t<\/div>\n\t\t\t\t<\/div>\n\t\t","protected":false},"excerpt":{"rendered":"<p>Quienes Somos ? Tu Mundo Negocios naci\u00f3 de la visi\u00f3n de Anny Gamarra,\u00a0 Profesional de Sistemas, apasionada por la tecnolog\u00eda y la gesti\u00f3n de proyectos. Desde siempre, su meta fue alcanzar independencia a trav\u00e9s de la excelencia en los servicios, construyendo un camino que no solo le permitiera crecer, sino tambi\u00e9n impulsar a otros a&#8230;<\/p>\n","protected":false},"author":1,"featured_media":0,"parent":0,"menu_order":0,"comment_status":"closed","ping_status":"closed","template":"","meta":{"_kadence_starter_templates_imported_post":false,"_kad_post_transparent":"","_kad_post_title":"hide","_kad_post_layout":"fullwidth","_kad_post_sidebar_id":"","_kad_post_content_style":"unboxed","_kad_post_vertical_padding":"hide","_kad_post_feature":"hide","_kad_post_feature_position":"","_kad_post_header":false,"_kad_post_footer":false,"footnotes":""},"class_list":["post-59","page","type-page","status-publish","hentry"],"_links":{"self":[{"href":"https:\/\/tumundonegocios.com.ar\/tn\/wp-json\/wp\/v2\/pages\/59","targetHints":{"allow":["GET"]}}],"collection":[{"href":"https:\/\/tumundonegocios.com.ar\/tn\/wp-json\/wp\/v2\/pages"}],"about":[{"href":"https:\/\/tumundonegocios.com.ar\/tn\/wp-json\/wp\/v2\/types\/page"}],"author":[{"embeddable":true,"href":"https:\/\/tumundonegocios.com.ar\/tn\/wp-json\/wp\/v2\/users\/1"}],"replies":[{"embeddable":true,"href":"https:\/\/tumundonegocios.com.ar\/tn\/wp-json\/wp\/v2\/comments?post=59"}],"version-history":[{"count":22,"href":"https:\/\/tumundonegocios.com.ar\/tn\/wp-json\/wp\/v2\/pages\/59\/revisions"}],"predecessor-version":[{"id":119,"href":"https:\/\/tumundonegocios.com.ar\/tn\/wp-json\/wp\/v2\/pages\/59\/revisions\/119"}],"wp:attachment":[{"href":"https:\/\/tumundonegocios.com.ar\/tn\/wp-json\/wp\/v2\/media?parent=59"}],"curies":[{"name":"wp","href":"https:\/\/api.w.org\/{rel}","templated":true}]}}